

{"id":3308,"date":"2015-03-10T15:42:34","date_gmt":"2015-03-10T15:42:34","guid":{"rendered":"https:\/\/www.vendingmodular.com\/fr\/inicio\/"},"modified":"2024-02-16T08:26:17","modified_gmt":"2024-02-16T08:26:17","slug":"inicio","status":"publish","type":"page","link":"https:\/\/www.vendingmodular.com\/fr\/","title":{"rendered":"Accueil"},"content":{"rendered":"<div class=\"section numero1 \" style=\"background-color: #f9f9f9; border: 1px solid #ececec; padding: 30px 0 0 0; \">\n<div class=\"container clearfix\">\n<div class=\"sixteen columns\">\n<div class=\"one_half\"><span class=\"responsive\"><a href=\"https:\/\/www.gesmatik.com\" target=\"_blank\" rel=\"noopener\"><img loading=\"lazy\" decoding=\"async\" class=\"alignleft wp-image-2559 size-full\" src=\"https:\/\/www.vendingmodular.com\/wp-content\/uploads\/2015\/03\/gesmatik.png\" alt=\"Gesmatik\" width=\"95\" height=\"90\" \/><\/a><\/span><\/div>\n<div class=\"one_half last\"><span class=\"responsive\"><a href=\"https:\/\/www.gesmatik.com\" target=\"_blank\" rel=\"noopener\"><img loading=\"lazy\" decoding=\"async\" class=\"alignleft wp-image-2638 size-full\" src=\"https:\/\/www.vendingmodular.com\/wp-content\/uploads\/2015\/03\/gesmatik-logo.png\" alt=\"Gesmatik\" width=\"240\" height=\"42\" \/><\/a><\/span><\/p>\n<div class=\"clear\"><\/div>\n<p>Syst\u00e8me automatis\u00e9 de gestion et de<strong> contr\u00f4le des consommables<\/strong><\/div>\n<div class=\"clear\"><\/div>\n<\/div>\n<\/div>\n<\/div>\n<div class=\"section numero2 section-parallax\" style=\"background-color: #ffffff; border: none; padding: 40px 0 50px 0; background-image: url(https:\/\/www.vendingmodular.com\/wp-content\/uploads\/2015\/03\/fondo-desenfocado.jpg);\">\n<div class=\"container clearfix\">\n<div class=\"sixteen columns\">\n<div class=\"gap\" style=\"height: 10px;\"><\/div>\n<h1>LA R\u00c9VOLUTION DE LA DISTRIBUTION AUTOMATIS\u00c9E<\/h1>\n<div class=\"gap\" style=\"height: 0px;\"><\/div>\n<h2>Nous concevons, fabriquons et commercialisons des distributeurs automatiques, fournissant des solutions innovantes.<\/h2>\n<h2>Nous sommes sp\u00e9cialis\u00e9s dans la cr\u00e9ation de solutions r\u00e9volutionnaires, fonctionnelles et &#8230; rentables.<\/h2>\n<\/div>\n<\/div>\n<\/div>\n<div class=\"section numero3 section-parallax\" style=\"background-color: #ffffff; border: none; padding: 90px 0 50px 0; background-image: url(https:\/\/www.vendingmodular.com\/wp-content\/uploads\/2015\/04\/productos-vending.jpg);\">\n<div class=\"container clearfix\">\n<div class=\"sixteen columns\">\n<div class=\"one_half\">\n<h2>SERVICES D&#8217;ING\u00c9NIERIE POUR DISTRIBUTEURS AUTOMATIQUES<\/h2>\n<h3>Vending Modular est une soci\u00e9t\u00e9 d\u2019ing\u00e9nierie d\u00e9di\u00e9e au d\u00e9veloppement et \u00e0 la fabrication d&#8217;\u00e9quipements innovants de derni\u00e8re g\u00e9n\u00e9ration applicables au secteur de la vente automatis\u00e9e et \u00e0 son int\u00e9gration avec les TIC (Technologies de l&#8217;Information et de la Communication).<\/h3>\n<h3>Nos connaissances et la vaste exp\u00e9rience de nos collaborateurs nous conf\u00e8rent une image de cr\u00e9ateurs de solutions automatis\u00e9es sur mesure.<\/h3>\n<h3>Nous sommes passionn\u00e9s par la vente automatis\u00e9e et nous voulons fournir des solutions efficaces, innovantes, r\u00e9volutionnaires, fonctionnelles et\u2026 rentables.<\/h3>\n<h3>Notre \u00e9quipe est compos\u00e9e de professionnels sp\u00e9cialis\u00e9s dans l&#8217;\u00e9lectronique l\u2019\u00e9lectrom\u00e9canique, les syst\u00e8mes informatiques et des t\u00e9l\u00e9communications&#8230;<\/h3>\n<\/div>\n<div class=\"one_half last\"><\/div>\n<div class=\"clear\"><\/div>\n<\/div>\n<\/div>\n<\/div>\n<div class=\"section numero4 section-parallax\" style=\"background-color: #ffffff; border: none; padding: 100px 0 50px 0; background-image: url(https:\/\/www.vendingmodular.com\/wp-content\/uploads\/2015\/05\/fondo-reunion4.jpg);\">\n<div class=\"container clearfix\">\n<div class=\"sixteen columns\">\n<div class=\"one_half\"><\/div>\n<div class=\"one_half last\">\n<h2>VOUS AVEZ UN PROJET?<br \/>\nParlez-nous en<\/h2>\n<h3>Si vous avez un projet de conception ou \/ et de fabrication d&#8217;un distributeur automatique, ou la mise en place d\u2019un nouveau canal de vente pour vos produits, ou tout autre projet li\u00e9 au secteur de la vente, parlez-nous en, nous sommes \u00e0 votre \u00e9coute.<\/h3>\n<h3>Peu importe le secteur ou le produit, nous sommes sp\u00e9cialis\u00e9s dans la r\u00e9solution de tout type de besoin de distribution automatis\u00e9e.<\/h3>\n<\/div>\n<div class=\"clear\"><\/div>\n<\/div>\n<\/div>\n<\/div>\n<div class=\"section numero5 \" style=\"background-color: #51a026; border: none; padding: 50px 0 40px 0; \">\n<div class=\"container clearfix\">\n<div class=\"sixteen columns\">\n<h2 style=\"text-align: center;\">VOUS AVEZ BESOIN D&#8217;INFORMATIONS COMPL\u00c9MENTAIRES?<\/h2>\n<div style=\"text-align: center;\"><a href=\"\/contacto\" target=\"_self\" class=\" button white large\" rel=\"slides[buttonlightbox]\">Contactez-nous<\/a><\/div>\n<\/div>\n<\/div>\n<\/div>\n","protected":false},"excerpt":{"rendered":"<p>Syst\u00e8me automatis\u00e9 de gestion et de contr\u00f4le des consommables LA R\u00c9VOLUTION DE LA DISTRIBUTION AUTOMATIS\u00c9E Nous concevons, fabriquons et commercialisons des distributeurs automatiques, fournissant des solutions innovantes. Nous sommes sp\u00e9cialis\u00e9s\u2026 <a href=\"https:\/\/www.vendingmodular.com\/fr\/\" class=\"read-more-link\">Lire la suite &rarr;<\/a><\/p>\n","protected":false},"author":1,"featured_media":0,"parent":0,"menu_order":0,"comment_status":"open","ping_status":"open","template":"page-section.php","meta":{"footnotes":""},"class_list":["post-3308","page","type-page","status-publish","hentry"],"yoast_head":"<!-- This site is optimized with the Yoast SEO plugin v27.3 - https:\/\/yoast.com\/product\/yoast-seo-wordpress\/ -->\n<title>Accueil - Vending Modular<\/title>\n<meta name=\"robots\" content=\"index, follow, max-snippet:-1, max-image-preview:large, max-video-preview:-1\" \/>\n<link rel=\"canonical\" href=\"https:\/\/www.vendingmodular.com\/fr\/\" \/>\n<meta property=\"og:locale\" content=\"fr_FR\" \/>\n<meta property=\"og:type\" content=\"article\" \/>\n<meta property=\"og:title\" content=\"Accueil - Vending Modular\" \/>\n<meta property=\"og:description\" content=\"Syst\u00e8me automatis\u00e9 de gestion et de contr\u00f4le des consommables LA R\u00c9VOLUTION DE LA DISTRIBUTION AUTOMATIS\u00c9E Nous concevons, fabriquons et commercialisons des distributeurs automatiques, fournissant des solutions innovantes. Nous sommes sp\u00e9cialis\u00e9s\u2026 Lire la suite &rarr;\" \/>\n<meta property=\"og:url\" content=\"https:\/\/www.vendingmodular.com\/fr\/\" \/>\n<meta property=\"og:site_name\" content=\"Vending Modular\" \/>\n<meta property=\"article:modified_time\" content=\"2024-02-16T08:26:17+00:00\" \/>\n<meta property=\"og:image\" content=\"https:\/\/www.vendingmodular.com\/wp-content\/uploads\/2015\/03\/gesmatik.png\" \/>\n<meta name=\"twitter:label1\" content=\"Dur\u00e9e de lecture estim\u00e9e\" \/>\n\t<meta name=\"twitter:data1\" content=\"4 minutes\" \/>\n<script type=\"application\/ld+json\" class=\"yoast-schema-graph\">{\"@context\":\"https:\\\/\\\/schema.org\",\"@graph\":[{\"@type\":\"WebPage\",\"@id\":\"https:\\\/\\\/www.vendingmodular.com\\\/fr\\\/\",\"url\":\"https:\\\/\\\/www.vendingmodular.com\\\/fr\\\/\",\"name\":\"Accueil - Vending Modular\",\"isPartOf\":{\"@id\":\"https:\\\/\\\/www.vendingmodular.com\\\/it\\\/#website\"},\"primaryImageOfPage\":{\"@id\":\"https:\\\/\\\/www.vendingmodular.com\\\/fr\\\/#primaryimage\"},\"image\":{\"@id\":\"https:\\\/\\\/www.vendingmodular.com\\\/fr\\\/#primaryimage\"},\"thumbnailUrl\":\"https:\\\/\\\/www.vendingmodular.com\\\/wp-content\\\/uploads\\\/2015\\\/03\\\/gesmatik.png\",\"datePublished\":\"2015-03-10T15:42:34+00:00\",\"dateModified\":\"2024-02-16T08:26:17+00:00\",\"breadcrumb\":{\"@id\":\"https:\\\/\\\/www.vendingmodular.com\\\/fr\\\/#breadcrumb\"},\"inLanguage\":\"fr-FR\",\"potentialAction\":[{\"@type\":\"ReadAction\",\"target\":[\"https:\\\/\\\/www.vendingmodular.com\\\/fr\\\/\"]}]},{\"@type\":\"ImageObject\",\"inLanguage\":\"fr-FR\",\"@id\":\"https:\\\/\\\/www.vendingmodular.com\\\/fr\\\/#primaryimage\",\"url\":\"https:\\\/\\\/www.vendingmodular.com\\\/wp-content\\\/uploads\\\/2015\\\/03\\\/gesmatik.png\",\"contentUrl\":\"https:\\\/\\\/www.vendingmodular.com\\\/wp-content\\\/uploads\\\/2015\\\/03\\\/gesmatik.png\"},{\"@type\":\"BreadcrumbList\",\"@id\":\"https:\\\/\\\/www.vendingmodular.com\\\/fr\\\/#breadcrumb\",\"itemListElement\":[{\"@type\":\"ListItem\",\"position\":1,\"name\":\"Portada\",\"item\":\"https:\\\/\\\/www.vendingmodular.com\\\/fr\\\/\"},{\"@type\":\"ListItem\",\"position\":2,\"name\":\"Accueil\"}]},{\"@type\":\"WebSite\",\"@id\":\"https:\\\/\\\/www.vendingmodular.com\\\/it\\\/#website\",\"url\":\"https:\\\/\\\/www.vendingmodular.com\\\/it\\\/\",\"name\":\"Vending Modular\",\"description\":\"Otro sitio realizado con WordPress\",\"potentialAction\":[{\"@type\":\"SearchAction\",\"target\":{\"@type\":\"EntryPoint\",\"urlTemplate\":\"https:\\\/\\\/www.vendingmodular.com\\\/it\\\/?s={search_term_string}\"},\"query-input\":{\"@type\":\"PropertyValueSpecification\",\"valueRequired\":true,\"valueName\":\"search_term_string\"}}],\"inLanguage\":\"fr-FR\"}]}<\/script>\n<!-- \/ Yoast SEO plugin. -->","yoast_head_json":{"title":"Accueil - Vending Modular","robots":{"index":"index","follow":"follow","max-snippet":"max-snippet:-1","max-image-preview":"max-image-preview:large","max-video-preview":"max-video-preview:-1"},"canonical":"https:\/\/www.vendingmodular.com\/fr\/","og_locale":"fr_FR","og_type":"article","og_title":"Accueil - Vending Modular","og_description":"Syst\u00e8me automatis\u00e9 de gestion et de contr\u00f4le des consommables LA R\u00c9VOLUTION DE LA DISTRIBUTION AUTOMATIS\u00c9E Nous concevons, fabriquons et commercialisons des distributeurs automatiques, fournissant des solutions innovantes. Nous sommes sp\u00e9cialis\u00e9s\u2026 Lire la suite &rarr;","og_url":"https:\/\/www.vendingmodular.com\/fr\/","og_site_name":"Vending Modular","article_modified_time":"2024-02-16T08:26:17+00:00","og_image":[{"url":"https:\/\/www.vendingmodular.com\/wp-content\/uploads\/2015\/03\/gesmatik.png","type":"","width":"","height":""}],"twitter_misc":{"Dur\u00e9e de lecture estim\u00e9e":"4 minutes"},"schema":{"@context":"https:\/\/schema.org","@graph":[{"@type":"WebPage","@id":"https:\/\/www.vendingmodular.com\/fr\/","url":"https:\/\/www.vendingmodular.com\/fr\/","name":"Accueil - Vending Modular","isPartOf":{"@id":"https:\/\/www.vendingmodular.com\/it\/#website"},"primaryImageOfPage":{"@id":"https:\/\/www.vendingmodular.com\/fr\/#primaryimage"},"image":{"@id":"https:\/\/www.vendingmodular.com\/fr\/#primaryimage"},"thumbnailUrl":"https:\/\/www.vendingmodular.com\/wp-content\/uploads\/2015\/03\/gesmatik.png","datePublished":"2015-03-10T15:42:34+00:00","dateModified":"2024-02-16T08:26:17+00:00","breadcrumb":{"@id":"https:\/\/www.vendingmodular.com\/fr\/#breadcrumb"},"inLanguage":"fr-FR","potentialAction":[{"@type":"ReadAction","target":["https:\/\/www.vendingmodular.com\/fr\/"]}]},{"@type":"ImageObject","inLanguage":"fr-FR","@id":"https:\/\/www.vendingmodular.com\/fr\/#primaryimage","url":"https:\/\/www.vendingmodular.com\/wp-content\/uploads\/2015\/03\/gesmatik.png","contentUrl":"https:\/\/www.vendingmodular.com\/wp-content\/uploads\/2015\/03\/gesmatik.png"},{"@type":"BreadcrumbList","@id":"https:\/\/www.vendingmodular.com\/fr\/#breadcrumb","itemListElement":[{"@type":"ListItem","position":1,"name":"Portada","item":"https:\/\/www.vendingmodular.com\/fr\/"},{"@type":"ListItem","position":2,"name":"Accueil"}]},{"@type":"WebSite","@id":"https:\/\/www.vendingmodular.com\/it\/#website","url":"https:\/\/www.vendingmodular.com\/it\/","name":"Vending Modular","description":"Otro sitio realizado con WordPress","potentialAction":[{"@type":"SearchAction","target":{"@type":"EntryPoint","urlTemplate":"https:\/\/www.vendingmodular.com\/it\/?s={search_term_string}"},"query-input":{"@type":"PropertyValueSpecification","valueRequired":true,"valueName":"search_term_string"}}],"inLanguage":"fr-FR"}]}},"_links":{"self":[{"href":"https:\/\/www.vendingmodular.com\/fr\/wp-json\/wp\/v2\/pages\/3308","targetHints":{"allow":["GET"]}}],"collection":[{"href":"https:\/\/www.vendingmodular.com\/fr\/wp-json\/wp\/v2\/pages"}],"about":[{"href":"https:\/\/www.vendingmodular.com\/fr\/wp-json\/wp\/v2\/types\/page"}],"author":[{"embeddable":true,"href":"https:\/\/www.vendingmodular.com\/fr\/wp-json\/wp\/v2\/users\/1"}],"replies":[{"embeddable":true,"href":"https:\/\/www.vendingmodular.com\/fr\/wp-json\/wp\/v2\/comments?post=3308"}],"version-history":[{"count":5,"href":"https:\/\/www.vendingmodular.com\/fr\/wp-json\/wp\/v2\/pages\/3308\/revisions"}],"predecessor-version":[{"id":415351,"href":"https:\/\/www.vendingmodular.com\/fr\/wp-json\/wp\/v2\/pages\/3308\/revisions\/415351"}],"wp:attachment":[{"href":"https:\/\/www.vendingmodular.com\/fr\/wp-json\/wp\/v2\/media?parent=3308"}],"curies":[{"name":"wp","href":"https:\/\/api.w.org\/{rel}","templated":true}]}}