

{"id":3314,"date":"2015-03-12T08:10:14","date_gmt":"2015-03-12T08:10:14","guid":{"rendered":"https:\/\/www.vendingmodular.com\/fr\/politica-de-privacidad\/"},"modified":"2020-03-18T12:41:38","modified_gmt":"2020-03-18T12:41:38","slug":"politique-de-confidentialite","status":"publish","type":"page","link":"https:\/\/www.vendingmodular.com\/fr\/politique-de-confidentialite\/","title":{"rendered":"Politique de confidentialit\u00e9"},"content":{"rendered":"<h3>1. OBJET DU SITE INTERNET<\/h3>\n<p>Les pr\u00e9sentes mentions l\u00e9gales d\u00e9finissent les conditions g\u00e9n\u00e9rales d&#8217;utilisation des produits propos\u00e9s par la soci\u00e9t\u00e9 Vending Modular S.L., \u00e0 l&#8217;\u00e9gard des personnes qui l&#8217;utilisent (ci-apr\u00e8s UTILISATEUR). Cette page Web a \u00e9t\u00e9 d\u00e9velopp\u00e9e afin d&#8217;offrir \u00e0 l&#8217;UTILISATEUR un syst\u00e8me facile \u00e0 utiliser et fiable en ce qui concerne la collecte d&#8217;informations par Vending Modular S.L \u2026<br \/>\nLe propri\u00e9taire du domaine (www.vendingmodular.com) et en charge de la conception, du contenu, du d\u00e9veloppement informatique et de la maintenance technique est Vending Modular S.L. domicili\u00e9 \u00e0 l\u2019adresse : Uzbina n\u00ba 24, Vitoria-Gasteiz, \u00c1lava.<\/p>\n<h3>2. PROTECTION DES DONN\u00c9ES<\/h3>\n<p>Conform\u00e9ment aux dispositions de la loi organique 15\/1999 du 13 d\u00e9cembre relative \u00e0 la protection des donn\u00e9es personnelles, l&#8217;UTILISATEUR consent \u00e0 l&#8217;inclusion de ses donn\u00e9es dans un fichier appartenant \u00e0 Vending Modular SL, et \u00e0 ce qu&#8217;elles soient utilis\u00e9es \u00e0 des fins d&#8217;information en cas d&#8217;abonnement \u00e0 des newsletters. De m\u00eame, l&#8217;UTILISATEUR d\u00e9clare \u00eatre inform\u00e9 des droits d&#8217;acc\u00e8s, de rectification, annulation et opposition qui peuvent \u00eatre exerc\u00e9s \u00e0 l&#8217;adresse de Vending Modular S.L. : Uzbina n\u00ba 24, Vitoria-Gasteiz, \u00c1lava (Espagne) ou en envoyant un message \u00e0 l&#8217;adresse e-mail vendingmodular@vendingmodular.com\u201d.<\/p>\n<h3>3. ACC\u00c8S ET UTILISATION<\/h3>\n<p>Les personnes qui acc\u00e8dent \u00e0 ce site Web et \/ ou utilisent des informations ou effectuent des transactions commerciales \u00e0 travers celui-ci, acqui\u00e8rent le statut d&#8217;UTILISATEURS en s&#8217;engageant au strict respect des dispositions \u00e9tablies ici, ainsi qu&#8217;\u00e0 tout autre qui n&#8217;est pas juridiquement applicable. L&#8217;UTILISATEUR est inform\u00e9 que les conditions g\u00e9n\u00e9rales d&#8217;utilisation de ce site peuvent \u00eatre modifi\u00e9es sans notification pr\u00e9alable.<\/p>\n<h3>4. CONTENUS<\/h3>\n<p>Les \u00e9l\u00e9ments pr\u00e9sents sur ce site, tant la conception, le contenu, le d\u00e9veloppement informatique et la maintenance technique, sont prot\u00e9g\u00e9s par les r\u00e9glementations en mati\u00e8re de propri\u00e9t\u00e9 intellectuelle et industrielle.<\/p>\n<p>Toute utilisation impliquant la reproduction totale ou partielle, la distribution, la transformation et la commercialisation, n&#8217;est pas autoris\u00e9e et n\u00e9cessite en tout cas une autorisation \u00e9crite pr\u00e9alable de Vending Modular S.L.<\/p>\n<h3>5. RESPONSABILIT\u00c9<\/h3>\n<p>Tous les liens qui m\u00e8nent \u00e0 cette page Web peuvent ne pas montrer, directement ou indirectement, des indications fausses, inexactes ou d\u00e9routantes. De m\u00eame, Vending Modular S.L. n&#8217;est pas responsable du fait que les liens externes soient toujours op\u00e9rationnels.<br \/>\nLe site Web a \u00e9t\u00e9 test\u00e9 et est p\u00e9riodiquement r\u00e9vis\u00e9 pour garantir la s\u00e9curit\u00e9 et l&#8217;absence de virus sur vos syst\u00e8mes. De m\u00eame, le bon fonctionnement technique est garanti, cependant, la possibilit\u00e9 d&#8217;une \u00e9ventuelle erreur de programmation ou de causes de force majeure rendant impossible l&#8217;acc\u00e8s au site Web n&#8217;est pas exclue. Dans ce cas, nous agirons avec la plus grande diligence jusqu&#8217;\u00e0 ce que le probl\u00e8me soit corrig\u00e9 dans les plus brefs d\u00e9lais.<\/p>\n<h3>6. LEGISLATION APLICABLE<\/h3>\n<p>Pour la r\u00e9solution de toute controverse ou des questions li\u00e9es \u00e0 ce site Web, la l\u00e9gislation espagnole s&#8217;appliquera, les parties intervenant se soumettant express\u00e9ment aux cours et tribunaux d&#8217;\u00c1lava (Espagne).<\/p>\n","protected":false},"excerpt":{"rendered":"<p>1. OBJET DU SITE INTERNET Les pr\u00e9sentes mentions l\u00e9gales d\u00e9finissent les conditions g\u00e9n\u00e9rales d&#8217;utilisation des produits propos\u00e9s par la soci\u00e9t\u00e9 Vending Modular S.L., \u00e0 l&#8217;\u00e9gard des personnes qui l&#8217;utilisent (ci-apr\u00e8s\u2026 <a href=\"https:\/\/www.vendingmodular.com\/fr\/politique-de-confidentialite\/\" class=\"read-more-link\">Lire la suite &rarr;<\/a><\/p>\n","protected":false},"author":1,"featured_media":0,"parent":0,"menu_order":0,"comment_status":"open","ping_status":"open","template":"page-fullwidth.php","meta":{"footnotes":""},"class_list":["post-3314","page","type-page","status-publish","hentry"],"yoast_head":"<!-- This site is optimized with the Yoast SEO plugin v27.3 - https:\/\/yoast.com\/product\/yoast-seo-wordpress\/ -->\n<title>Politique de confidentialit\u00e9 - Vending Modular<\/title>\n<meta name=\"robots\" content=\"index, follow, max-snippet:-1, max-image-preview:large, max-video-preview:-1\" \/>\n<link rel=\"canonical\" href=\"https:\/\/www.vendingmodular.com\/fr\/politique-de-confidentialite\/\" \/>\n<meta property=\"og:locale\" content=\"fr_FR\" \/>\n<meta property=\"og:type\" content=\"article\" \/>\n<meta property=\"og:title\" content=\"Politique de confidentialit\u00e9 - Vending Modular\" \/>\n<meta property=\"og:description\" content=\"1. OBJET DU SITE INTERNET Les pr\u00e9sentes mentions l\u00e9gales d\u00e9finissent les conditions g\u00e9n\u00e9rales d&#8217;utilisation des produits propos\u00e9s par la soci\u00e9t\u00e9 Vending Modular S.L., \u00e0 l&#8217;\u00e9gard des personnes qui l&#8217;utilisent (ci-apr\u00e8s\u2026 Lire la suite &rarr;\" \/>\n<meta property=\"og:url\" content=\"https:\/\/www.vendingmodular.com\/fr\/politique-de-confidentialite\/\" \/>\n<meta property=\"og:site_name\" content=\"Vending Modular\" \/>\n<meta property=\"article:modified_time\" content=\"2020-03-18T12:41:38+00:00\" \/>\n<meta name=\"twitter:label1\" content=\"Dur\u00e9e de lecture estim\u00e9e\" \/>\n\t<meta name=\"twitter:data1\" content=\"3 minutes\" \/>\n<script type=\"application\/ld+json\" class=\"yoast-schema-graph\">{\"@context\":\"https:\\\/\\\/schema.org\",\"@graph\":[{\"@type\":\"WebPage\",\"@id\":\"https:\\\/\\\/www.vendingmodular.com\\\/fr\\\/politique-de-confidentialite\\\/\",\"url\":\"https:\\\/\\\/www.vendingmodular.com\\\/fr\\\/politique-de-confidentialite\\\/\",\"name\":\"Politique de confidentialit\u00e9 - Vending Modular\",\"isPartOf\":{\"@id\":\"https:\\\/\\\/www.vendingmodular.com\\\/it\\\/#website\"},\"datePublished\":\"2015-03-12T08:10:14+00:00\",\"dateModified\":\"2020-03-18T12:41:38+00:00\",\"breadcrumb\":{\"@id\":\"https:\\\/\\\/www.vendingmodular.com\\\/fr\\\/politique-de-confidentialite\\\/#breadcrumb\"},\"inLanguage\":\"fr-FR\",\"potentialAction\":[{\"@type\":\"ReadAction\",\"target\":[\"https:\\\/\\\/www.vendingmodular.com\\\/fr\\\/politique-de-confidentialite\\\/\"]}]},{\"@type\":\"BreadcrumbList\",\"@id\":\"https:\\\/\\\/www.vendingmodular.com\\\/fr\\\/politique-de-confidentialite\\\/#breadcrumb\",\"itemListElement\":[{\"@type\":\"ListItem\",\"position\":1,\"name\":\"Portada\",\"item\":\"https:\\\/\\\/www.vendingmodular.com\\\/fr\\\/\"},{\"@type\":\"ListItem\",\"position\":2,\"name\":\"Politique de confidentialit\u00e9\"}]},{\"@type\":\"WebSite\",\"@id\":\"https:\\\/\\\/www.vendingmodular.com\\\/it\\\/#website\",\"url\":\"https:\\\/\\\/www.vendingmodular.com\\\/it\\\/\",\"name\":\"Vending Modular\",\"description\":\"Otro sitio realizado con WordPress\",\"potentialAction\":[{\"@type\":\"SearchAction\",\"target\":{\"@type\":\"EntryPoint\",\"urlTemplate\":\"https:\\\/\\\/www.vendingmodular.com\\\/it\\\/?s={search_term_string}\"},\"query-input\":{\"@type\":\"PropertyValueSpecification\",\"valueRequired\":true,\"valueName\":\"search_term_string\"}}],\"inLanguage\":\"fr-FR\"}]}<\/script>\n<!-- \/ Yoast SEO plugin. -->","yoast_head_json":{"title":"Politique de confidentialit\u00e9 - Vending Modular","robots":{"index":"index","follow":"follow","max-snippet":"max-snippet:-1","max-image-preview":"max-image-preview:large","max-video-preview":"max-video-preview:-1"},"canonical":"https:\/\/www.vendingmodular.com\/fr\/politique-de-confidentialite\/","og_locale":"fr_FR","og_type":"article","og_title":"Politique de confidentialit\u00e9 - Vending Modular","og_description":"1. OBJET DU SITE INTERNET Les pr\u00e9sentes mentions l\u00e9gales d\u00e9finissent les conditions g\u00e9n\u00e9rales d&#8217;utilisation des produits propos\u00e9s par la soci\u00e9t\u00e9 Vending Modular S.L., \u00e0 l&#8217;\u00e9gard des personnes qui l&#8217;utilisent (ci-apr\u00e8s\u2026 Lire la suite &rarr;","og_url":"https:\/\/www.vendingmodular.com\/fr\/politique-de-confidentialite\/","og_site_name":"Vending Modular","article_modified_time":"2020-03-18T12:41:38+00:00","twitter_misc":{"Dur\u00e9e de lecture estim\u00e9e":"3 minutes"},"schema":{"@context":"https:\/\/schema.org","@graph":[{"@type":"WebPage","@id":"https:\/\/www.vendingmodular.com\/fr\/politique-de-confidentialite\/","url":"https:\/\/www.vendingmodular.com\/fr\/politique-de-confidentialite\/","name":"Politique de confidentialit\u00e9 - Vending Modular","isPartOf":{"@id":"https:\/\/www.vendingmodular.com\/it\/#website"},"datePublished":"2015-03-12T08:10:14+00:00","dateModified":"2020-03-18T12:41:38+00:00","breadcrumb":{"@id":"https:\/\/www.vendingmodular.com\/fr\/politique-de-confidentialite\/#breadcrumb"},"inLanguage":"fr-FR","potentialAction":[{"@type":"ReadAction","target":["https:\/\/www.vendingmodular.com\/fr\/politique-de-confidentialite\/"]}]},{"@type":"BreadcrumbList","@id":"https:\/\/www.vendingmodular.com\/fr\/politique-de-confidentialite\/#breadcrumb","itemListElement":[{"@type":"ListItem","position":1,"name":"Portada","item":"https:\/\/www.vendingmodular.com\/fr\/"},{"@type":"ListItem","position":2,"name":"Politique de confidentialit\u00e9"}]},{"@type":"WebSite","@id":"https:\/\/www.vendingmodular.com\/it\/#website","url":"https:\/\/www.vendingmodular.com\/it\/","name":"Vending Modular","description":"Otro sitio realizado con WordPress","potentialAction":[{"@type":"SearchAction","target":{"@type":"EntryPoint","urlTemplate":"https:\/\/www.vendingmodular.com\/it\/?s={search_term_string}"},"query-input":{"@type":"PropertyValueSpecification","valueRequired":true,"valueName":"search_term_string"}}],"inLanguage":"fr-FR"}]}},"_links":{"self":[{"href":"https:\/\/www.vendingmodular.com\/fr\/wp-json\/wp\/v2\/pages\/3314","targetHints":{"allow":["GET"]}}],"collection":[{"href":"https:\/\/www.vendingmodular.com\/fr\/wp-json\/wp\/v2\/pages"}],"about":[{"href":"https:\/\/www.vendingmodular.com\/fr\/wp-json\/wp\/v2\/types\/page"}],"author":[{"embeddable":true,"href":"https:\/\/www.vendingmodular.com\/fr\/wp-json\/wp\/v2\/users\/1"}],"replies":[{"embeddable":true,"href":"https:\/\/www.vendingmodular.com\/fr\/wp-json\/wp\/v2\/comments?post=3314"}],"version-history":[{"count":2,"href":"https:\/\/www.vendingmodular.com\/fr\/wp-json\/wp\/v2\/pages\/3314\/revisions"}],"predecessor-version":[{"id":3318,"href":"https:\/\/www.vendingmodular.com\/fr\/wp-json\/wp\/v2\/pages\/3314\/revisions\/3318"}],"wp:attachment":[{"href":"https:\/\/www.vendingmodular.com\/fr\/wp-json\/wp\/v2\/media?parent=3314"}],"curies":[{"name":"wp","href":"https:\/\/api.w.org\/{rel}","templated":true}]}}